{"id":1065,"date":"2023-10-24T09:47:53","date_gmt":"2023-10-24T06:47:53","guid":{"rendered":"https:\/\/napupuhkemaja.ee\/?post_type=product&#038;p=1065"},"modified":"2025-08-26T11:24:38","modified_gmt":"2025-08-26T08:24:38","slug":"vaba-summaga-kinkekaart","status":"publish","type":"product","link":"https:\/\/www.napupuhkemaja.ee\/fi\/tuote\/vaba-summaga-kinkekaart\/","title":{"rendered":"Vaba summaga kinkekaart"},"content":{"rendered":"<h3>Kinkekaardi tingimused:<\/h3>\n<ul>\n<li>Kinkekaart on digitaalne PDF fail ja klient saab vajadusel selle v\u00e4lja printida.<\/li>\n<li>Kinkekaart on \u00fchekordseks kasutamiseks.<\/li>\n<li>Kinkekaart kehtib vaid ette broneeritud teenustele. Broneerimiseks palume \u00fchendust v\u00f5tta booking@napupuhkemaja.ee v\u00f5i l\u00e4bi kodulehe www.napupuhkemaja.ee.<\/li>\n<li>Kui teenuse summa \u00fcletab kinkekaardi v\u00e4\u00e4rtuse, siis puuduj\u00e4\u00e4va summa tuleb tasuda lisaks.<\/li>\n<li>Kui teenuse summa on v\u00e4iksem kinkekaardi v\u00e4\u00e4rtusest, siis kasutamata summa pole tagastatav.<\/li>\n<li>Kinkekaart pole vahetatav rahaks.<\/li>\n<li>Kinkekaardi kehtivusaeg\u00a0 on ostukuup\u00e4evast 1 aaasta. Kehtivusaja \u00fcletamisel muutub kinkekaart kehtetuks. Kinkekaarte ei pikendata. Majutus tuleb kasutada \u00e4ra kinkekaardi kehtivuse ajal.<\/li>\n<li>Kaotatud kinkekaarti ei vahetata uue kaardi ega raha vastu.<\/li>\n<li>Kinkekaardi paljundamine mistahes viisil on keelatud.<\/li>\n<li>Kinkekaart on maksevahend.<\/li>\n<li>Kinkekaardiga ei saa osta uut kinkekaarti.<\/li>\n<\/ul>\n","protected":false},"excerpt":{"rendered":"<p>Veetke minipuhkus Napu Puhkemajas ning \u00fcllatage oma l\u00e4hedasi ja s\u00f5pru loodusel\u00e4hedase kingitusega!<\/p>\n<p>Vali endale meelep\u00e4rane summa ja lisa kinekaart ostukorvi. Kinekaardi n\u00e4idis on <a href=\"https:\/\/napupuhkemaja.ee\/wp-content\/uploads\/2023\/12\/Napu-kinkekaart-vaba-summa-vaike-optim.jpg\"><strong>n\u00e4ha siit<\/strong><\/a>.<\/p>\n","protected":false},"featured_media":2120,"template":"","meta":[],"product_brand":[],"product_cat":[35],"product_tag":[],"class_list":{"0":"post-1065","1":"product","2":"type-product","3":"status-publish","4":"has-post-thumbnail","6":"product_cat-kinkekaart","8":"first","9":"instock","10":"virtual","11":"purchasable","12":"product-type-simple","13":"nyp-product"},"_links":{"self":[{"href":"https:\/\/www.napupuhkemaja.ee\/fi\/wp-json\/wp\/v2\/product\/1065","targetHints":{"allow":["GET"]}}],"collection":[{"href":"https:\/\/www.napupuhkemaja.ee\/fi\/wp-json\/wp\/v2\/product"}],"about":[{"href":"https:\/\/www.napupuhkemaja.ee\/fi\/wp-json\/wp\/v2\/types\/product"}],"wp:featuredmedia":[{"embeddable":true,"href":"https:\/\/www.napupuhkemaja.ee\/fi\/wp-json\/wp\/v2\/media\/2120"}],"wp:attachment":[{"href":"https:\/\/www.napupuhkemaja.ee\/fi\/wp-json\/wp\/v2\/media?parent=1065"}],"wp:term":[{"taxonomy":"product_brand","embeddable":true,"href":"https:\/\/www.napupuhkemaja.ee\/fi\/wp-json\/wp\/v2\/product_brand?post=1065"},{"taxonomy":"product_cat","embeddable":true,"href":"https:\/\/www.napupuhkemaja.ee\/fi\/wp-json\/wp\/v2\/product_cat?post=1065"},{"taxonomy":"product_tag","embeddable":true,"href":"https:\/\/www.napupuhkemaja.ee\/fi\/wp-json\/wp\/v2\/product_tag?post=1065"}],"curies":[{"name":"wp","href":"https:\/\/api.w.org\/{rel}","templated":true}]}}